{"id":10,"date":"2018-06-12T11:00:51","date_gmt":"2018-06-12T08:00:51","guid":{"rendered":"http:\/\/pavel.ceselsky.cz\/?page_id=10"},"modified":"2022-11-03T23:06:18","modified_gmt":"2022-11-03T20:06:18","slug":"intro","status":"publish","type":"page","link":"https:\/\/test.ceselsky.cz\/cs\/","title":{"rendered":"P\u00e1r slov \u00favodem"},"content":{"rendered":"<div class=\"wp-block-uagb-container uagb-block-77cb0ab0 default uagb-is-root-container\">\n<div class=\"wp-block-uagb-advanced-heading uagb-block-afc13c76\"><h3 class=\"uagb-heading-text\">V\u00edt\u00e1m V\u00e1s na m\u00fdch webov\u00fdch str\u00e1nk\u00e1ch! <\/h3><\/div>\n\n\n\n<div class=\"wp-block-uagb-image uagb-block-309d6993 wp-block-uagb-image--layout-default wp-block-uagb-image--effect-static wp-block-uagb-image--align-center\"><figure class=\"wp-block-uagb-image__figure\"><img decoding=\"async\"  src=\"https:\/\/test.ceselsky.cz\/wp-content\/uploads\/2018\/06\/me_crop.png\" alt=\"\" width=\"\" height=\"\" title=\"\"\/><\/figure><\/div>\n\n\n\n<p class=\"has-normal-font-size\">Jmenuji se Pavel \u010ceselsk\u00fd, narodil jsem se v Ostrav\u011b kde jsem tak\u00e9 vyr\u016fstal. V roce 2001 jsem odcestoval na p\u016fvodn\u011b ro\u010dn\u00ed studijn\u00ed pobyt ve Finsku, ale proto\u017ee se mi Finsko velice zal\u00edbilo tak jsem zde z\u016fstal do dnes.   <\/p>\n\n\n\n<p class=\"has-text-align-left\">Se svou \u017eenou Magdou jsme se us\u00eddlili v mal\u00e9m domku uprost\u0159ed les\u016f ve st\u0159edn\u00edm Finsku asi 20km od m\u011bste\u010dka Uurainen. V roce 2009 se n\u00e1m narodil syn Mat\u00fdsek a v roce 2012 P\u00e9\u0165a.<\/p>\n\n\n\n<p>Pracuji ve firm\u011b Protacon Technologies Ltd jako specialista na syst\u00e9my stojov\u00e9ho vid\u011bn\u00ed a anal\u00fdzu obrazu. Mezi m\u00e9 kon\u00ed\u010dky pat\u0159\u00ed turistika a fotografov\u00e1n\u00ed p\u0159\u00edrody, elektronika, programov\u00e1n\u00ed, pr\u00e1ce se d\u0159evem, lukost\u0159elba a v posledn\u00ed dob\u011b tak\u00e9 l\u00e9t\u00e1n\u00ed a nat\u00e1\u010den\u00ed vide\u00ed dronem.<\/p>\n\n\n\n<p>Na t\u011bchto str\u00e1nk\u00e1ch bych se s V\u00e1mi r\u00e1d pod\u011blil o zaj\u00edmav\u00e9 z\u00e1\u017eitky, fotografie a videa z r\u016fzdn\u00fdch v\u00fdlet\u016f a akc\u00ed nejen ve Finsku. Douf\u00e1m \u017ee se v\u00e1m budou str\u00e1nky l\u00edbit a budu r\u00e1d kdy\u017e mi nech\u00e1te pozdrav v\u00a0 <a href=\"http:\/\/3.121.10.83\/privacy-policy\/\">n\u00e1v\u0161t\u011bvn\u00ed knize<\/a>.<\/p>\n<\/div>","protected":false},"excerpt":{"rendered":"<p>Greetings visitors, welcome to my website! My name is Pavel \u010ceselsk\u00fd. I was born in Ostrava, Czech Republic &#8211; I&#8217;ve grown up there. In year 2001 I&#8217;ve traveled to Finland for a one year study exchange program. But because I like Finland a lot I decided to stay &#8211; and I&#8217;m still living there. Together [&hellip;]<\/p>","protected":false},"author":1,"featured_media":603,"parent":0,"menu_order":0,"comment_status":"closed","ping_status":"closed","template":"templates\/template-cover.php","meta":{"_uag_custom_page_level_css":"","ngg_post_thumbnail":0,"footnotes":""},"uagb_featured_image_src":{"full":["https:\/\/test.ceselsky.cz\/wp-content\/uploads\/2018\/06\/9022698961_297a9913a9_o.jpg",2000,1500,false],"thumbnail":["https:\/\/test.ceselsky.cz\/wp-content\/uploads\/2018\/06\/9022698961_297a9913a9_o-150x150.jpg",150,150,true],"medium":["https:\/\/test.ceselsky.cz\/wp-content\/uploads\/2018\/06\/9022698961_297a9913a9_o-300x225.jpg",300,225,true],"medium_large":["https:\/\/test.ceselsky.cz\/wp-content\/uploads\/2018\/06\/9022698961_297a9913a9_o-768x576.jpg",580,435,true],"large":["https:\/\/test.ceselsky.cz\/wp-content\/uploads\/2018\/06\/9022698961_297a9913a9_o-1024x768.jpg",580,435,true],"1536x1536":["https:\/\/test.ceselsky.cz\/wp-content\/uploads\/2018\/06\/9022698961_297a9913a9_o.jpg",1536,1152,false],"2048x2048":["https:\/\/test.ceselsky.cz\/wp-content\/uploads\/2018\/06\/9022698961_297a9913a9_o.jpg",2000,1500,false],"trp-custom-language-flag":["https:\/\/test.ceselsky.cz\/wp-content\/uploads\/2018\/06\/9022698961_297a9913a9_o.jpg",16,12,false],"post-thumbnail":["https:\/\/test.ceselsky.cz\/wp-content\/uploads\/2018\/06\/9022698961_297a9913a9_o.jpg",1200,900,false],"twentytwenty-fullscreen":["https:\/\/test.ceselsky.cz\/wp-content\/uploads\/2018\/06\/9022698961_297a9913a9_o.jpg",1980,1485,false]},"uagb_author_info":{"display_name":"Pajka","author_link":"https:\/\/test.ceselsky.cz\/cs\/author\/pajka\/"},"uagb_comment_info":0,"uagb_excerpt":"Greetings visitors, welcome to my website! My name is Pavel \u010ceselsk\u00fd. I was born in Ostrava, Czech Republic &#8211; I&#8217;ve grown up there. In year 2001 I&#8217;ve traveled to Finland for a one year study exchange program. But because I like Finland a lot I decided to stay &#8211; and I&#8217;m still living there. Together&hellip;","_links":{"self":[{"href":"https:\/\/test.ceselsky.cz\/cs\/wp-json\/wp\/v2\/pages\/10"}],"collection":[{"href":"https:\/\/test.ceselsky.cz\/cs\/wp-json\/wp\/v2\/pages"}],"about":[{"href":"https:\/\/test.ceselsky.cz\/cs\/wp-json\/wp\/v2\/types\/page"}],"author":[{"embeddable":true,"href":"https:\/\/test.ceselsky.cz\/cs\/wp-json\/wp\/v2\/users\/1"}],"replies":[{"embeddable":true,"href":"https:\/\/test.ceselsky.cz\/cs\/wp-json\/wp\/v2\/comments?post=10"}],"version-history":[{"count":12,"href":"https:\/\/test.ceselsky.cz\/cs\/wp-json\/wp\/v2\/pages\/10\/revisions"}],"predecessor-version":[{"id":9746,"href":"https:\/\/test.ceselsky.cz\/cs\/wp-json\/wp\/v2\/pages\/10\/revisions\/9746"}],"wp:featuredmedia":[{"embeddable":true,"href":"https:\/\/test.ceselsky.cz\/cs\/wp-json\/wp\/v2\/media\/603"}],"wp:attachment":[{"href":"https:\/\/test.ceselsky.cz\/cs\/wp-json\/wp\/v2\/media?parent=10"}],"curies":[{"name":"wp","href":"https:\/\/api.w.org\/{rel}","templated":true}]}}